{"id":156,"date":"2025-09-19T08:59:16","date_gmt":"2025-09-19T08:59:16","guid":{"rendered":"https:\/\/stransky.visible-web.de\/?page_id=156"},"modified":"2026-02-20T11:39:43","modified_gmt":"2026-02-20T11:39:43","slug":"ks-autoglas","status":"publish","type":"page","link":"https:\/\/stransky.visible-web.de\/?page_id=156","title":{"rendered":"KS Autoglas"},"content":{"rendered":"\t\t<div data-elementor-type=\"wp-page\" data-elementor-id=\"156\" class=\"elementor elementor-156\" data-elementor-post-type=\"page\">\n\t\t\t\t<div class=\"elementor-element elementor-element-db95344 e-flex e-con-boxed e-con e-parent\" data-id=\"db95344\" data-element_type=\"container\" data-settings=\"{&quot;background_background&quot;:&quot;classic&quot;}\">\n\t\t\t\t\t<div class=\"e-con-inner\">\n\t\t\t\t\t<\/div>\n\t\t\t\t<\/div>\n\t\t<div class=\"elementor-element elementor-element-9e465e5 e-flex e-con-boxed e-con e-parent\" data-id=\"9e465e5\" data-element_type=\"container\">\n\t\t\t\t\t<div class=\"e-con-inner\">\n\t\t<div class=\"elementor-element elementor-element-cd0a976 e-con-full e-flex e-con e-child\" data-id=\"cd0a976\" data-element_type=\"container\">\n\t\t<div class=\"elementor-element elementor-element-61fa4e2 e-con-full e-flex e-con e-child\" data-id=\"61fa4e2\" data-element_type=\"container\">\n\t\t<div class=\"elementor-element elementor-element-7fce576 e-con-full e-flex e-con e-child\" data-id=\"7fce576\" data-element_type=\"container\">\n\t\t\t\t<div class=\"elementor-element elementor-element-2d5f285 elementor-widget elementor-widget-heading\" data-id=\"2d5f285\" data-element_type=\"widget\" data-widget_type=\"heading.default\">\n\t\t\t\t\t<h2 class=\"elementor-heading-title elementor-size-default\">Wir sind das KS-Autoglas Zentrum in Isernhagen\n\n<\/h2>\t\t\t\t<\/div>\n\t\t\t\t<\/div>\n\t\t\t\t<div class=\"elementor-element elementor-element-057e1d4 elementor-widget elementor-widget-text-editor\" data-id=\"057e1d4\" data-element_type=\"widget\" data-widget_type=\"text-editor.default\">\n\t\t\t\t\t\t\t\t\t<p>Das bedeutet f\u00fcr Sie als Kunde:<\/p><p>Das gute Gef\u00fchl, Ihr Auto in die H\u00e4nde von ausgewiesenen Fachleuten zu geben, die das Fahrzeug als Gesamtes verstehen. Verlassen Sie sich beim tragenden Konstruktionsteil &#8222;Scheibe&#8220; auf unsere Professionalit\u00e4t als Autoglas-Profi.<\/p><p>Das KS-Autoglas Zentrum Isernhagen ist einem Versicherungsverbund angeschlossen, welches Ihre Teilkaskosch\u00e4den schnell und reibungslos f\u00fcr Sie abwickelt.<\/p><p>Glassch\u00e4den, die repariert werden k\u00f6nnen, kosten Sie h\u00e4ufig keinen Cent.<\/p><p><strong>Telefon: 0511 22 00 12 91<\/strong><\/p><p><strong>E-Mail:<\/strong>\u00a0<a title=\"autoglas@stransky-autoservice.com\" href=\"mailto:autoglas@stransky-autoservice.com\">autoglas@stransky-autoservice.com<\/a><\/p>\t\t\t\t\t\t\t\t<\/div>\n\t\t\t\t<div class=\"elementor-element elementor-element-457e61e elementor-widget elementor-widget-button\" data-id=\"457e61e\" data-element_type=\"widget\" data-widget_type=\"button.default\">\n\t\t\t\t\t\t\t\t\t\t<a class=\"elementor-button elementor-button-link elementor-size-sm\" href=\"https:\/\/hannover-isernhagen.ksautoglas.com\/\">\n\t\t\t\t\t\t<span class=\"elementor-button-content-wrapper\">\n\t\t\t\t\t\t\t\t\t<span class=\"elementor-button-text\">Hier klicken<\/span>\n\t\t\t\t\t<\/span>\n\t\t\t\t\t<\/a>\n\t\t\t\t\t\t\t\t<\/div>\n\t\t\t\t<\/div>\n\t\t\t\t<\/div>\n\t\t<div class=\"elementor-element elementor-element-24fd9ea e-con-full e-flex e-con e-child\" data-id=\"24fd9ea\" data-element_type=\"container\">\n\t\t<div class=\"elementor-element elementor-element-c7edeaf e-con-full e-flex e-con e-child\" data-id=\"c7edeaf\" data-element_type=\"container\">\n\t\t\t\t<div class=\"elementor-element elementor-element-a78022d elementor-widget elementor-widget-image\" data-id=\"a78022d\" data-element_type=\"widget\" data-widget_type=\"image.default\">\n\t\t\t\t\t\t\t\t\t\t\t\t\t\t\t<img fetchpriority=\"high\" decoding=\"async\" width=\"826\" height=\"244\" src=\"https:\/\/stransky.visible-web.de\/wp-content\/uploads\/2025\/09\/1579258128.jpg\" class=\"attachment-large size-large wp-image-159\" alt=\"\" srcset=\"https:\/\/stransky.visible-web.de\/wp-content\/uploads\/2025\/09\/1579258128.jpg 826w, https:\/\/stransky.visible-web.de\/wp-content\/uploads\/2025\/09\/1579258128-300x89.jpg 300w, https:\/\/stransky.visible-web.de\/wp-content\/uploads\/2025\/09\/1579258128-768x227.jpg 768w\" sizes=\"(max-width: 826px) 100vw, 826px\" \/>\t\t\t\t\t\t\t\t\t\t\t\t\t\t\t<\/div>\n\t\t\t\t<\/div>\n\t\t<div class=\"elementor-element elementor-element-8b1704e e-con-full e-flex e-con e-child\" data-id=\"8b1704e\" data-element_type=\"container\">\n\t\t\t\t<div class=\"elementor-element elementor-element-46cc5da elementor-widget elementor-widget-image\" data-id=\"46cc5da\" data-element_type=\"widget\" data-widget_type=\"image.default\">\n\t\t\t\t\t\t\t\t\t\t\t\t\t\t\t<img decoding=\"async\" width=\"1024\" height=\"621\" src=\"https:\/\/stransky.visible-web.de\/wp-content\/uploads\/2026\/02\/steinschlag-1024x621.jpg\" class=\"attachment-large size-large wp-image-454\" alt=\"\" srcset=\"https:\/\/stransky.visible-web.de\/wp-content\/uploads\/2026\/02\/steinschlag-1024x621.jpg 1024w, https:\/\/stransky.visible-web.de\/wp-content\/uploads\/2026\/02\/steinschlag-300x182.jpg 300w, https:\/\/stransky.visible-web.de\/wp-content\/uploads\/2026\/02\/steinschlag-768x466.jpg 768w, https:\/\/stransky.visible-web.de\/wp-content\/uploads\/2026\/02\/steinschlag-1536x932.jpg 1536w, https:\/\/stransky.visible-web.de\/wp-content\/uploads\/2026\/02\/steinschlag.jpg 2016w\" sizes=\"(max-width: 1024px) 100vw, 1024px\" \/>\t\t\t\t\t\t\t\t\t\t\t\t\t\t\t<\/div>\n\t\t\t\t<\/div>\n\t\t\t\t<\/div>\n\t\t\t\t\t<\/div>\n\t\t\t\t<\/div>\n\t\t<div class=\"elementor-element elementor-element-bbceb0e e-con-full e-flex e-con e-child\" data-id=\"bbceb0e\" data-element_type=\"container\">\n\t\t\t\t<div class=\"elementor-element elementor-element-6bf9891 elementor-view-default elementor-widget elementor-widget-icon\" data-id=\"6bf9891\" data-element_type=\"widget\" data-widget_type=\"icon.default\">\n\t\t\t\t\t\t\t<div class=\"elementor-icon-wrapper\">\n\t\t\t<a class=\"elementor-icon\" href=\"https:\/\/www.facebook.com\/stranskyautoservice.de\/?locale=de_DE\">\n\t\t\t<svg aria-hidden=\"true\" class=\"e-font-icon-svg e-fab-facebook\" viewBox=\"0 0 512 512\" xmlns=\"http:\/\/www.w3.org\/2000\/svg\"><path d=\"M504 256C504 119 393 8 256 8S8 119 8 256c0 123.78 90.69 226.38 209.25 245V327.69h-63V256h63v-54.64c0-62.15 37-96.48 93.67-96.48 27.14 0 55.52 4.84 55.52 4.84v61h-31.28c-30.8 0-40.41 19.12-40.41 38.73V256h68.78l-11 71.69h-57.78V501C413.31 482.38 504 379.78 504 256z\"><\/path><\/svg>\t\t\t<\/a>\n\t\t<\/div>\n\t\t\t\t\t\t<\/div>\n\t\t\t\t<\/div>\n\t\t\t\t<\/div>\n\t\t","protected":false},"excerpt":{"rendered":"<p>Wir sind das KS-Autoglas Zentrum in Isernhagen Das bedeutet f\u00fcr Sie als Kunde: Das gute Gef\u00fchl, Ihr Auto in die H\u00e4nde von ausgewiesenen Fachleuten zu geben, die das Fahrzeug als Gesamtes verstehen. Verlassen Sie sich beim tragenden Konstruktionsteil &#8222;Scheibe&#8220; auf unsere Professionalit\u00e4t als Autoglas-Profi. Das KS-Autoglas Zentrum Isernhagen ist einem Versicherungsverbund angeschlossen, welches Ihre Teilkaskosch\u00e4den [&hellip;]<\/p>\n","protected":false},"author":1,"featured_media":0,"parent":0,"menu_order":0,"comment_status":"closed","ping_status":"closed","template":"templates\/page-fullsize.php","meta":{"footnotes":""},"class_list":["post-156","page","type-page","status-publish","hentry"],"yoast_head":"<!-- This site is optimized with the Yoast SEO plugin v26.4 - https:\/\/yoast.com\/wordpress\/plugins\/seo\/ -->\n<title>KS Autoglas - Stransky Autoservice GmbH<\/title>\n<meta name=\"robots\" content=\"noindex, follow, max-snippet:-1, max-image-preview:large, max-video-preview:-1\" \/>\n<meta property=\"og:locale\" content=\"de_DE\" \/>\n<meta property=\"og:type\" content=\"article\" \/>\n<meta property=\"og:title\" content=\"KS Autoglas - Stransky Autoservice GmbH\" \/>\n<meta property=\"og:description\" content=\"Wir sind das KS-Autoglas Zentrum in Isernhagen Das bedeutet f\u00fcr Sie als Kunde: Das gute Gef\u00fchl, Ihr Auto in die H\u00e4nde von ausgewiesenen Fachleuten zu geben, die das Fahrzeug als Gesamtes verstehen. Verlassen Sie sich beim tragenden Konstruktionsteil &#8222;Scheibe&#8220; auf unsere Professionalit\u00e4t als Autoglas-Profi. Das KS-Autoglas Zentrum Isernhagen ist einem Versicherungsverbund angeschlossen, welches Ihre Teilkaskosch\u00e4den [&hellip;]\" \/>\n<meta property=\"og:url\" content=\"https:\/\/stransky.visible-web.de\/?page_id=156\" \/>\n<meta property=\"og:site_name\" content=\"Stransky Autoservice GmbH\" \/>\n<meta property=\"article:modified_time\" content=\"2026-02-20T11:39:43+00:00\" \/>\n<meta property=\"og:image\" content=\"http:\/\/stransky.visible-web.de\/wp-content\/uploads\/2025\/09\/1579258128.jpg\" \/>\n<meta name=\"twitter:card\" content=\"summary_large_image\" \/>\n<meta name=\"twitter:label1\" content=\"Gesch\u00e4tzte Lesezeit\" \/>\n\t<meta name=\"twitter:data1\" content=\"1\u00a0Minute\" \/>\n<script type=\"application\/ld+json\" class=\"yoast-schema-graph\">{\"@context\":\"https:\/\/schema.org\",\"@graph\":[{\"@type\":\"WebPage\",\"@id\":\"https:\/\/stransky.visible-web.de\/?page_id=156\",\"url\":\"https:\/\/stransky.visible-web.de\/?page_id=156\",\"name\":\"KS Autoglas - Stransky Autoservice GmbH\",\"isPartOf\":{\"@id\":\"https:\/\/stransky.visible-web.de\/#website\"},\"primaryImageOfPage\":{\"@id\":\"https:\/\/stransky.visible-web.de\/?page_id=156#primaryimage\"},\"image\":{\"@id\":\"https:\/\/stransky.visible-web.de\/?page_id=156#primaryimage\"},\"thumbnailUrl\":\"http:\/\/stransky.visible-web.de\/wp-content\/uploads\/2025\/09\/1579258128.jpg\",\"datePublished\":\"2025-09-19T08:59:16+00:00\",\"dateModified\":\"2026-02-20T11:39:43+00:00\",\"breadcrumb\":{\"@id\":\"https:\/\/stransky.visible-web.de\/?page_id=156#breadcrumb\"},\"inLanguage\":\"de\",\"potentialAction\":[{\"@type\":\"ReadAction\",\"target\":[\"https:\/\/stransky.visible-web.de\/?page_id=156\"]}]},{\"@type\":\"ImageObject\",\"inLanguage\":\"de\",\"@id\":\"https:\/\/stransky.visible-web.de\/?page_id=156#primaryimage\",\"url\":\"https:\/\/stransky.visible-web.de\/wp-content\/uploads\/2025\/09\/1579258128.jpg\",\"contentUrl\":\"https:\/\/stransky.visible-web.de\/wp-content\/uploads\/2025\/09\/1579258128.jpg\",\"width\":826,\"height\":244},{\"@type\":\"BreadcrumbList\",\"@id\":\"https:\/\/stransky.visible-web.de\/?page_id=156#breadcrumb\",\"itemListElement\":[{\"@type\":\"ListItem\",\"position\":1,\"name\":\"Startseite\",\"item\":\"https:\/\/stransky.visible-web.de\/\"},{\"@type\":\"ListItem\",\"position\":2,\"name\":\"KS Autoglas\"}]},{\"@type\":\"WebSite\",\"@id\":\"https:\/\/stransky.visible-web.de\/#website\",\"url\":\"https:\/\/stransky.visible-web.de\/\",\"name\":\"Stransky Autoservice GmbH\",\"description\":\"\",\"potentialAction\":[{\"@type\":\"SearchAction\",\"target\":{\"@type\":\"EntryPoint\",\"urlTemplate\":\"https:\/\/stransky.visible-web.de\/?s={search_term_string}\"},\"query-input\":{\"@type\":\"PropertyValueSpecification\",\"valueRequired\":true,\"valueName\":\"search_term_string\"}}],\"inLanguage\":\"de\"}]}<\/script>\n<!-- \/ Yoast SEO plugin. -->","yoast_head_json":{"title":"KS Autoglas - Stransky Autoservice GmbH","robots":{"index":"noindex","follow":"follow","max-snippet":"max-snippet:-1","max-image-preview":"max-image-preview:large","max-video-preview":"max-video-preview:-1"},"og_locale":"de_DE","og_type":"article","og_title":"KS Autoglas - Stransky Autoservice GmbH","og_description":"Wir sind das KS-Autoglas Zentrum in Isernhagen Das bedeutet f\u00fcr Sie als Kunde: Das gute Gef\u00fchl, Ihr Auto in die H\u00e4nde von ausgewiesenen Fachleuten zu geben, die das Fahrzeug als Gesamtes verstehen. Verlassen Sie sich beim tragenden Konstruktionsteil &#8222;Scheibe&#8220; auf unsere Professionalit\u00e4t als Autoglas-Profi. Das KS-Autoglas Zentrum Isernhagen ist einem Versicherungsverbund angeschlossen, welches Ihre Teilkaskosch\u00e4den [&hellip;]","og_url":"https:\/\/stransky.visible-web.de\/?page_id=156","og_site_name":"Stransky Autoservice GmbH","article_modified_time":"2026-02-20T11:39:43+00:00","og_image":[{"url":"http:\/\/stransky.visible-web.de\/wp-content\/uploads\/2025\/09\/1579258128.jpg","type":"","width":"","height":""}],"twitter_card":"summary_large_image","twitter_misc":{"Gesch\u00e4tzte Lesezeit":"1\u00a0Minute"},"schema":{"@context":"https:\/\/schema.org","@graph":[{"@type":"WebPage","@id":"https:\/\/stransky.visible-web.de\/?page_id=156","url":"https:\/\/stransky.visible-web.de\/?page_id=156","name":"KS Autoglas - Stransky Autoservice GmbH","isPartOf":{"@id":"https:\/\/stransky.visible-web.de\/#website"},"primaryImageOfPage":{"@id":"https:\/\/stransky.visible-web.de\/?page_id=156#primaryimage"},"image":{"@id":"https:\/\/stransky.visible-web.de\/?page_id=156#primaryimage"},"thumbnailUrl":"http:\/\/stransky.visible-web.de\/wp-content\/uploads\/2025\/09\/1579258128.jpg","datePublished":"2025-09-19T08:59:16+00:00","dateModified":"2026-02-20T11:39:43+00:00","breadcrumb":{"@id":"https:\/\/stransky.visible-web.de\/?page_id=156#breadcrumb"},"inLanguage":"de","potentialAction":[{"@type":"ReadAction","target":["https:\/\/stransky.visible-web.de\/?page_id=156"]}]},{"@type":"ImageObject","inLanguage":"de","@id":"https:\/\/stransky.visible-web.de\/?page_id=156#primaryimage","url":"https:\/\/stransky.visible-web.de\/wp-content\/uploads\/2025\/09\/1579258128.jpg","contentUrl":"https:\/\/stransky.visible-web.de\/wp-content\/uploads\/2025\/09\/1579258128.jpg","width":826,"height":244},{"@type":"BreadcrumbList","@id":"https:\/\/stransky.visible-web.de\/?page_id=156#breadcrumb","itemListElement":[{"@type":"ListItem","position":1,"name":"Startseite","item":"https:\/\/stransky.visible-web.de\/"},{"@type":"ListItem","position":2,"name":"KS Autoglas"}]},{"@type":"WebSite","@id":"https:\/\/stransky.visible-web.de\/#website","url":"https:\/\/stransky.visible-web.de\/","name":"Stransky Autoservice GmbH","description":"","potentialAction":[{"@type":"SearchAction","target":{"@type":"EntryPoint","urlTemplate":"https:\/\/stransky.visible-web.de\/?s={search_term_string}"},"query-input":{"@type":"PropertyValueSpecification","valueRequired":true,"valueName":"search_term_string"}}],"inLanguage":"de"}]}},"_links":{"self":[{"href":"https:\/\/stransky.visible-web.de\/index.php?rest_route=\/wp\/v2\/pages\/156","targetHints":{"allow":["GET"]}}],"collection":[{"href":"https:\/\/stransky.visible-web.de\/index.php?rest_route=\/wp\/v2\/pages"}],"about":[{"href":"https:\/\/stransky.visible-web.de\/index.php?rest_route=\/wp\/v2\/types\/page"}],"author":[{"embeddable":true,"href":"https:\/\/stransky.visible-web.de\/index.php?rest_route=\/wp\/v2\/users\/1"}],"replies":[{"embeddable":true,"href":"https:\/\/stransky.visible-web.de\/index.php?rest_route=%2Fwp%2Fv2%2Fcomments&post=156"}],"version-history":[{"count":31,"href":"https:\/\/stransky.visible-web.de\/index.php?rest_route=\/wp\/v2\/pages\/156\/revisions"}],"predecessor-version":[{"id":552,"href":"https:\/\/stransky.visible-web.de\/index.php?rest_route=\/wp\/v2\/pages\/156\/revisions\/552"}],"wp:attachment":[{"href":"https:\/\/stransky.visible-web.de\/index.php?rest_route=%2Fwp%2Fv2%2Fmedia&parent=156"}],"curies":[{"name":"wp","href":"https:\/\/api.w.org\/{rel}","templated":true}]}}