{"id":245,"date":"2025-10-02T11:58:30","date_gmt":"2025-10-02T11:58:30","guid":{"rendered":"https:\/\/stransky.visible-web.de\/?page_id=245"},"modified":"2026-03-02T09:50:50","modified_gmt":"2026-03-02T09:50:50","slug":"automatikgetriebeoelspuelung","status":"publish","type":"page","link":"https:\/\/stransky.visible-web.de\/?page_id=245","title":{"rendered":"Automatikgetriebe\u00f6lsp\u00fclung"},"content":{"rendered":"\t\t<div data-elementor-type=\"wp-page\" data-elementor-id=\"245\" class=\"elementor elementor-245\" data-elementor-post-type=\"page\">\n\t\t\t\t<div class=\"elementor-element elementor-element-4c8ae58 e-flex e-con-boxed e-con e-parent\" data-id=\"4c8ae58\" data-element_type=\"container\" data-settings=\"{&quot;background_background&quot;:&quot;classic&quot;}\">\n\t\t\t\t\t<div class=\"e-con-inner\">\n\t\t\t\t\t<\/div>\n\t\t\t\t<\/div>\n\t\t<div class=\"elementor-element elementor-element-5142e51 e-flex e-con-boxed e-con e-parent\" data-id=\"5142e51\" data-element_type=\"container\">\n\t\t\t\t\t<div class=\"e-con-inner\">\n\t\t<div class=\"elementor-element elementor-element-111d69a e-con-full e-flex e-con e-child\" data-id=\"111d69a\" data-element_type=\"container\">\n\t\t<div class=\"elementor-element elementor-element-ff65677 e-con-full e-flex e-con e-child\" data-id=\"ff65677\" data-element_type=\"container\">\n\t\t\t\t<div class=\"elementor-element elementor-element-96f63af elementor-widget elementor-widget-heading\" data-id=\"96f63af\" data-element_type=\"widget\" data-widget_type=\"heading.default\">\n\t\t\t\t\t<h1 class=\"elementor-heading-title elementor-size-default\">Automatikgetriebe\u00f6lservice als einfachen Getriebe\u00f6lwechsel oder Getriebe\u00f6lsp\u00fclung<\/h1>\t\t\t\t<\/div>\n\t\t\t\t<\/div>\n\t\t\t\t<div class=\"elementor-element elementor-element-a60cd09 elementor-widget elementor-widget-text-editor\" data-id=\"a60cd09\" data-element_type=\"widget\" data-widget_type=\"text-editor.default\">\n\t\t\t\t\t\t\t\t\t<p>Schaltverz\u00f6gerungen, unsaubere Schaltvorg\u00e4nge, erh\u00f6hter Kraftstoffverbrauch \u2013 sind h\u00e4ufig ein Zeichen f\u00fcr \u00fcberaltertes oder verschmutztes Getriebe\u00f6l. Mit einem Automatikgetriebe\u00f6lwechsel oder einer Automatikgetriebe\u00f6lsp\u00fclung gehen Sie dieses Problem mit uns zusammen an. Sollten Sie noch keine Probleme mit Ihrem Automatikgetriebe haben, empfehlen wir unseren Kunden durch einen regelm\u00e4\u00dfigen Wechsel des Getriebe\u00f6ls dieses Problem gar nicht erst aufkommen zu lassen und so vorzeitige Beeintr\u00e4chtigungen, erh\u00f6hten Verschlei\u00df und damit hohen Kosten zuvorzukommen.<\/p>\t\t\t\t\t\t\t\t<\/div>\n\t\t\t\t<div class=\"elementor-element elementor-element-e9c8727 elementor-widget elementor-widget-image\" data-id=\"e9c8727\" data-element_type=\"widget\" data-widget_type=\"image.default\">\n\t\t\t\t\t\t\t\t\t\t\t\t\t\t\t<img fetchpriority=\"high\" decoding=\"async\" width=\"1024\" height=\"684\" src=\"https:\/\/stransky.visible-web.de\/wp-content\/uploads\/2026\/01\/bild-getriebeoelspuelung-1024x684.jpg\" class=\"attachment-large size-large wp-image-366\" alt=\"\" srcset=\"https:\/\/stransky.visible-web.de\/wp-content\/uploads\/2026\/01\/bild-getriebeoelspuelung-1024x684.jpg 1024w, https:\/\/stransky.visible-web.de\/wp-content\/uploads\/2026\/01\/bild-getriebeoelspuelung-300x200.jpg 300w, https:\/\/stransky.visible-web.de\/wp-content\/uploads\/2026\/01\/bild-getriebeoelspuelung-768x513.jpg 768w, https:\/\/stransky.visible-web.de\/wp-content\/uploads\/2026\/01\/bild-getriebeoelspuelung-1536x1026.jpg 1536w, https:\/\/stransky.visible-web.de\/wp-content\/uploads\/2026\/01\/bild-getriebeoelspuelung.jpg 1895w\" sizes=\"(max-width: 1024px) 100vw, 1024px\" \/>\t\t\t\t\t\t\t\t\t\t\t\t\t\t\t<\/div>\n\t\t\t\t<div class=\"elementor-element elementor-element-0c60db3 elementor-widget elementor-widget-text-editor\" data-id=\"0c60db3\" data-element_type=\"widget\" data-widget_type=\"text-editor.default\">\n\t\t\t\t\t\t\t\t\t<p>Durch unser Sp\u00fclger\u00e4t k\u00f6nnen wir Schmutzpartikel, Abrieb und altes Getriebe\u00f6l aus dem Automatikgetriebekreislauf effektiv entfernen. Die Herausforderung ist hierbei, dass bei einem Getriebe das \u00d6l bei abgeschaltetem Motor nicht vollst\u00e4ndig in die Getriebe\u00f6lwanne l\u00e4uft, sondern ca. 40 % im K\u00fchler, Schieberkasten und anderen Stellen im System verbleibt und somit durch einen \u201enormalen\u201c Wechsel nicht entfernt werden k\u00f6nnen.<span class=\"Apple-converted-space\">\u00a0<\/span><\/p><p>Bei der Getriebesp\u00fclung geben wir dem Alt\u00f6l einen speziellen Reiniger hinzu und lassen diesen ca. 10 Minuten bei laufendem Motor zirkulieren, anschlie\u00dfend wird sauberes \u00d6l mit unserem Sp\u00fclger\u00e4t in das System gegeben und das alte \u00d6l im gleichen Ma\u00dfe abgelassen. Dies wird so lange gemacht bis nur noch sauberes \u00d6l austritt.<\/p><p>F\u00fcr optimale Ergebnisse setzen wir auf Liqui-Moly \u00d6le und haben auch von dort unser Sp\u00fclger\u00e4t erworben.<span class=\"Apple-converted-space\">\u00a0<\/span><\/p><p>Mit unserem Automatikgetriebesp\u00fclger\u00e4t k\u00f6nnen wir eine Getriebesp\u00fclung oder einen Getriebe\u00f6lwechsel f\u00fcr alle g\u00e4ngigen DSG-Getriebe, Doppelkupplungsgetriebe, S-Tronicgetriebe, CVT-Getriebe, Multitronic-Getriebe, Wandlergetriebe, 5G-, 7G- und 9G-Tronic anbieten, hier einige Beispiele:<\/p><ul><li>Volvo: DCT, Wandlerautomatik<\/li><li>VW, Audi, Skoda, Seat: DSG, S-Tronic, Multitronic, Wandlerautomatik<\/li><li>BMW: DKG, Wandlerautomatik<\/li><li>Mercedes: 5G, 7G und 9G-Tronic, CVT, Wandlerautomatik<\/li><\/ul><p>Gerne pr\u00fcfen wir f\u00fcr Sie die Notwendigkeit einer Getriebesp\u00fclung oder eines Getriebe\u00f6lwechsel mit dem entsprechenden Materialaufwand und unterbreiten Ihnen ein individuelles Angebot f\u00fcr Ihr Fahrzeug!<\/p><p>\u00a0<\/p>\t\t\t\t\t\t\t\t<\/div>\n\t\t\t\t<\/div>\n\t\t\t\t\t<\/div>\n\t\t\t\t<\/div>\n\t\t<div class=\"elementor-element elementor-element-7542ddc e-flex e-con-boxed e-con e-parent\" data-id=\"7542ddc\" data-element_type=\"container\">\n\t\t\t\t\t<div class=\"e-con-inner\">\n\t\t\t\t<div class=\"elementor-element elementor-element-bbd2d97 elementor-widget elementor-widget-html\" data-id=\"bbd2d97\" data-element_type=\"widget\" data-widget_type=\"html.default\">\n\t\t\t\t\t<style>\n    .gallery img {\n    height: 250px !important;object-fit: cover;\n}\n<\/style>\t\t\t\t<\/div>\n\t\t\t\t<div class=\"elementor-element elementor-element-bc05d8e gallery elementor-widget elementor-widget-image-gallery\" data-id=\"bc05d8e\" data-element_type=\"widget\" data-widget_type=\"image-gallery.default\">\n\t\t\t\t\t\t\t<div class=\"elementor-image-gallery\">\n\t\t\t\n\t\t<style type=\"text\/css\">\n\t\t\t#gallery-1 {\n\t\t\t\tmargin: auto;\n\t\t\t}\n\t\t\t#gallery-1 .gallery-item {\n\t\t\t\tfloat: left;\n\t\t\t\tmargin-top: 10px;\n\t\t\t\ttext-align: center;\n\t\t\t\twidth: 25%;\n\t\t\t}\n\t\t\t#gallery-1 img {\n\t\t\t\tborder: 2px solid #cfcfcf;\n\t\t\t}\n\t\t\t#gallery-1 .gallery-caption {\n\t\t\t\tmargin-left: 0;\n\t\t\t}\n\t\t\t\/* see gallery_shortcode() in wp-includes\/media.php *\/\n\t\t<\/style>\n\t\t<div id='gallery-1' class='gallery galleryid-245 gallery-columns-4 gallery-size-medium_large'><dl class='gallery-item'>\n\t\t\t<dt class='gallery-icon landscape'>\n\t\t\t\t<a data-elementor-open-lightbox=\"yes\" data-elementor-lightbox-slideshow=\"bc05d8e\" data-elementor-lightbox-title=\"Automatikgetriebeo\u0308lspu\u0308lung Als Quelle Liqui Moly nennen I\" data-e-action-hash=\"#elementor-action%3Aaction%3Dlightbox%26settings%3DeyJpZCI6MzczLCJ1cmwiOiJodHRwczpcL1wvc3RyYW5za3kudmlzaWJsZS13ZWIuZGVcL3dwLWNvbnRlbnRcL3VwbG9hZHNcLzIwMjZcLzAxXC9BdXRvbWF0aWtnZXRyaWViZW9lbHNwdWVsdW5nLUFscy1RdWVsbGUtTGlxdWktTW9seS1uZW5uZW4tSS5qcGciLCJzbGlkZXNob3ciOiJiYzA1ZDhlIn0%3D\" href='https:\/\/stransky.visible-web.de\/wp-content\/uploads\/2026\/01\/Automatikgetriebeoelspuelung-Als-Quelle-Liqui-Moly-nennen-I.jpg'><img decoding=\"async\" width=\"768\" height=\"768\" src=\"https:\/\/stransky.visible-web.de\/wp-content\/uploads\/2026\/01\/Automatikgetriebeoelspuelung-Als-Quelle-Liqui-Moly-nennen-I-768x768.jpg\" class=\"attachment-medium_large size-medium_large\" alt=\"\" srcset=\"https:\/\/stransky.visible-web.de\/wp-content\/uploads\/2026\/01\/Automatikgetriebeoelspuelung-Als-Quelle-Liqui-Moly-nennen-I-768x768.jpg 768w, https:\/\/stransky.visible-web.de\/wp-content\/uploads\/2026\/01\/Automatikgetriebeoelspuelung-Als-Quelle-Liqui-Moly-nennen-I-300x300.jpg 300w, https:\/\/stransky.visible-web.de\/wp-content\/uploads\/2026\/01\/Automatikgetriebeoelspuelung-Als-Quelle-Liqui-Moly-nennen-I-1024x1024.jpg 1024w, https:\/\/stransky.visible-web.de\/wp-content\/uploads\/2026\/01\/Automatikgetriebeoelspuelung-Als-Quelle-Liqui-Moly-nennen-I-150x150.jpg 150w, https:\/\/stransky.visible-web.de\/wp-content\/uploads\/2026\/01\/Automatikgetriebeoelspuelung-Als-Quelle-Liqui-Moly-nennen-I.jpg 1080w\" sizes=\"(max-width: 768px) 100vw, 768px\" \/><\/a>\n\t\t\t<\/dt><\/dl><dl class='gallery-item'>\n\t\t\t<dt class='gallery-icon landscape'>\n\t\t\t\t<a data-elementor-open-lightbox=\"yes\" data-elementor-lightbox-slideshow=\"bc05d8e\" data-elementor-lightbox-title=\"Automatikgetriebeo\u0308lspu\u0308lung Als Quelle Liqui Moly nennen\" data-e-action-hash=\"#elementor-action%3Aaction%3Dlightbox%26settings%3DeyJpZCI6Mzc0LCJ1cmwiOiJodHRwczpcL1wvc3RyYW5za3kudmlzaWJsZS13ZWIuZGVcL3dwLWNvbnRlbnRcL3VwbG9hZHNcLzIwMjZcLzAxXC9BdXRvbWF0aWtnZXRyaWViZW9lbHNwdWVsdW5nLUFscy1RdWVsbGUtTGlxdWktTW9seS1uZW5uZW4uanBnIiwic2xpZGVzaG93IjoiYmMwNWQ4ZSJ9\" href='https:\/\/stransky.visible-web.de\/wp-content\/uploads\/2026\/01\/Automatikgetriebeoelspuelung-Als-Quelle-Liqui-Moly-nennen.jpg'><img decoding=\"async\" width=\"768\" height=\"768\" src=\"https:\/\/stransky.visible-web.de\/wp-content\/uploads\/2026\/01\/Automatikgetriebeoelspuelung-Als-Quelle-Liqui-Moly-nennen-768x768.jpg\" class=\"attachment-medium_large size-medium_large\" alt=\"\" srcset=\"https:\/\/stransky.visible-web.de\/wp-content\/uploads\/2026\/01\/Automatikgetriebeoelspuelung-Als-Quelle-Liqui-Moly-nennen-768x768.jpg 768w, https:\/\/stransky.visible-web.de\/wp-content\/uploads\/2026\/01\/Automatikgetriebeoelspuelung-Als-Quelle-Liqui-Moly-nennen-300x300.jpg 300w, https:\/\/stransky.visible-web.de\/wp-content\/uploads\/2026\/01\/Automatikgetriebeoelspuelung-Als-Quelle-Liqui-Moly-nennen-1024x1024.jpg 1024w, https:\/\/stransky.visible-web.de\/wp-content\/uploads\/2026\/01\/Automatikgetriebeoelspuelung-Als-Quelle-Liqui-Moly-nennen-150x150.jpg 150w, https:\/\/stransky.visible-web.de\/wp-content\/uploads\/2026\/01\/Automatikgetriebeoelspuelung-Als-Quelle-Liqui-Moly-nennen.jpg 1330w\" sizes=\"(max-width: 768px) 100vw, 768px\" \/><\/a>\n\t\t\t<\/dt><\/dl><dl class='gallery-item'>\n\t\t\t<dt class='gallery-icon landscape'>\n\t\t\t\t<a data-elementor-open-lightbox=\"yes\" data-elementor-lightbox-slideshow=\"bc05d8e\" data-elementor-lightbox-title=\"3707 Anwendung 5l Top Tec 4200 5W-30\" data-e-action-hash=\"#elementor-action%3Aaction%3Dlightbox%26settings%3DeyJpZCI6Mzc1LCJ1cmwiOiJodHRwczpcL1wvc3RyYW5za3kudmlzaWJsZS13ZWIuZGVcL3dwLWNvbnRlbnRcL3VwbG9hZHNcLzIwMjZcLzAxXC8zNzA3LUFud2VuZHVuZy01bC1Ub3AtVGVjLTQyMDAtNVctMzAtc2NhbGVkLmpwZyIsInNsaWRlc2hvdyI6ImJjMDVkOGUifQ%3D%3D\" href='https:\/\/stransky.visible-web.de\/wp-content\/uploads\/2026\/01\/3707-Anwendung-5l-Top-Tec-4200-5W-30-scaled.jpg'><img loading=\"lazy\" decoding=\"async\" width=\"768\" height=\"512\" src=\"https:\/\/stransky.visible-web.de\/wp-content\/uploads\/2026\/01\/3707-Anwendung-5l-Top-Tec-4200-5W-30-768x512.jpg\" class=\"attachment-medium_large size-medium_large\" alt=\"\" srcset=\"https:\/\/stransky.visible-web.de\/wp-content\/uploads\/2026\/01\/3707-Anwendung-5l-Top-Tec-4200-5W-30-768x512.jpg 768w, https:\/\/stransky.visible-web.de\/wp-content\/uploads\/2026\/01\/3707-Anwendung-5l-Top-Tec-4200-5W-30-300x200.jpg 300w, https:\/\/stransky.visible-web.de\/wp-content\/uploads\/2026\/01\/3707-Anwendung-5l-Top-Tec-4200-5W-30-1024x683.jpg 1024w, https:\/\/stransky.visible-web.de\/wp-content\/uploads\/2026\/01\/3707-Anwendung-5l-Top-Tec-4200-5W-30-1536x1024.jpg 1536w, https:\/\/stransky.visible-web.de\/wp-content\/uploads\/2026\/01\/3707-Anwendung-5l-Top-Tec-4200-5W-30-2048x1365.jpg 2048w\" sizes=\"(max-width: 768px) 100vw, 768px\" \/><\/a>\n\t\t\t<\/dt><\/dl>\n\t\t\t<br style='clear: both' \/>\n\t\t<\/div>\n\t\t<\/div>\n\t\t\t\t\t\t<\/div>\n\t\t\t\t\t<\/div>\n\t\t\t\t<\/div>\n\t\t<div class=\"elementor-element elementor-element-193aa05 e-con-full e-flex e-con e-child\" data-id=\"193aa05\" data-element_type=\"container\">\n\t\t\t\t<div class=\"elementor-element elementor-element-bf50f1c elementor-view-default elementor-widget elementor-widget-icon\" data-id=\"bf50f1c\" data-element_type=\"widget\" data-widget_type=\"icon.default\">\n\t\t\t\t\t\t\t<div class=\"elementor-icon-wrapper\">\n\t\t\t<a class=\"elementor-icon\" href=\"https:\/\/www.facebook.com\/stranskyautoservice.de\/?locale=de_DE\">\n\t\t\t<svg aria-hidden=\"true\" class=\"e-font-icon-svg e-fab-facebook\" viewBox=\"0 0 512 512\" xmlns=\"http:\/\/www.w3.org\/2000\/svg\"><path d=\"M504 256C504 119 393 8 256 8S8 119 8 256c0 123.78 90.69 226.38 209.25 245V327.69h-63V256h63v-54.64c0-62.15 37-96.48 93.67-96.48 27.14 0 55.52 4.84 55.52 4.84v61h-31.28c-30.8 0-40.41 19.12-40.41 38.73V256h68.78l-11 71.69h-57.78V501C413.31 482.38 504 379.78 504 256z\"><\/path><\/svg>\t\t\t<\/a>\n\t\t<\/div>\n\t\t\t\t\t\t<\/div>\n\t\t\t\t<\/div>\n\t\t\t\t<\/div>\n\t\t","protected":false},"excerpt":{"rendered":"<p>Automatikgetriebe\u00f6lservice als einfachen Getriebe\u00f6lwechsel oder Getriebe\u00f6lsp\u00fclung Schaltverz\u00f6gerungen, unsaubere Schaltvorg\u00e4nge, erh\u00f6hter Kraftstoffverbrauch \u2013 sind h\u00e4ufig ein Zeichen f\u00fcr \u00fcberaltertes oder verschmutztes Getriebe\u00f6l. Mit einem Automatikgetriebe\u00f6lwechsel oder einer Automatikgetriebe\u00f6lsp\u00fclung gehen Sie dieses Problem mit uns zusammen an. Sollten Sie noch keine Probleme mit Ihrem Automatikgetriebe haben, empfehlen wir unseren Kunden durch einen regelm\u00e4\u00dfigen Wechsel des Getriebe\u00f6ls dieses [&hellip;]<\/p>\n","protected":false},"author":1,"featured_media":0,"parent":0,"menu_order":0,"comment_status":"closed","ping_status":"closed","template":"templates\/page-fullsize.php","meta":{"footnotes":""},"class_list":["post-245","page","type-page","status-publish","hentry"],"yoast_head":"<!-- This site is optimized with the Yoast SEO plugin v26.4 - https:\/\/yoast.com\/wordpress\/plugins\/seo\/ -->\n<title>Automatikgetriebe\u00f6lsp\u00fclung - Stransky Autoservice GmbH<\/title>\n<meta name=\"robots\" content=\"noindex, follow, max-snippet:-1, max-image-preview:large, max-video-preview:-1\" \/>\n<meta property=\"og:locale\" content=\"de_DE\" \/>\n<meta property=\"og:type\" content=\"article\" \/>\n<meta property=\"og:title\" content=\"Automatikgetriebe\u00f6lsp\u00fclung - Stransky Autoservice GmbH\" \/>\n<meta property=\"og:description\" content=\"Automatikgetriebe\u00f6lservice als einfachen Getriebe\u00f6lwechsel oder Getriebe\u00f6lsp\u00fclung Schaltverz\u00f6gerungen, unsaubere Schaltvorg\u00e4nge, erh\u00f6hter Kraftstoffverbrauch \u2013 sind h\u00e4ufig ein Zeichen f\u00fcr \u00fcberaltertes oder verschmutztes Getriebe\u00f6l. Mit einem Automatikgetriebe\u00f6lwechsel oder einer Automatikgetriebe\u00f6lsp\u00fclung gehen Sie dieses Problem mit uns zusammen an. Sollten Sie noch keine Probleme mit Ihrem Automatikgetriebe haben, empfehlen wir unseren Kunden durch einen regelm\u00e4\u00dfigen Wechsel des Getriebe\u00f6ls dieses [&hellip;]\" \/>\n<meta property=\"og:url\" content=\"https:\/\/stransky.visible-web.de\/?page_id=245\" \/>\n<meta property=\"og:site_name\" content=\"Stransky Autoservice GmbH\" \/>\n<meta property=\"article:modified_time\" content=\"2026-03-02T09:50:50+00:00\" \/>\n<meta property=\"og:image\" content=\"https:\/\/stransky.visible-web.de\/wp-content\/uploads\/2026\/01\/bild-getriebeoelspuelung.jpg\" \/>\n\t<meta property=\"og:image:width\" content=\"1895\" \/>\n\t<meta property=\"og:image:height\" content=\"1266\" \/>\n\t<meta property=\"og:image:type\" content=\"image\/jpeg\" \/>\n<meta name=\"twitter:card\" content=\"summary_large_image\" \/>\n<meta name=\"twitter:label1\" content=\"Gesch\u00e4tzte Lesezeit\" \/>\n\t<meta name=\"twitter:data1\" content=\"3\u00a0Minuten\" \/>\n<script type=\"application\/ld+json\" class=\"yoast-schema-graph\">{\"@context\":\"https:\/\/schema.org\",\"@graph\":[{\"@type\":\"WebPage\",\"@id\":\"https:\/\/stransky.visible-web.de\/?page_id=245\",\"url\":\"https:\/\/stransky.visible-web.de\/?page_id=245\",\"name\":\"Automatikgetriebe\u00f6lsp\u00fclung - Stransky Autoservice GmbH\",\"isPartOf\":{\"@id\":\"https:\/\/stransky.visible-web.de\/#website\"},\"primaryImageOfPage\":{\"@id\":\"https:\/\/stransky.visible-web.de\/?page_id=245#primaryimage\"},\"image\":{\"@id\":\"https:\/\/stransky.visible-web.de\/?page_id=245#primaryimage\"},\"thumbnailUrl\":\"http:\/\/stransky.visible-web.de\/wp-content\/uploads\/2026\/01\/bild-getriebeoelspuelung-1024x684.jpg\",\"datePublished\":\"2025-10-02T11:58:30+00:00\",\"dateModified\":\"2026-03-02T09:50:50+00:00\",\"breadcrumb\":{\"@id\":\"https:\/\/stransky.visible-web.de\/?page_id=245#breadcrumb\"},\"inLanguage\":\"de\",\"potentialAction\":[{\"@type\":\"ReadAction\",\"target\":[\"https:\/\/stransky.visible-web.de\/?page_id=245\"]}]},{\"@type\":\"ImageObject\",\"inLanguage\":\"de\",\"@id\":\"https:\/\/stransky.visible-web.de\/?page_id=245#primaryimage\",\"url\":\"https:\/\/stransky.visible-web.de\/wp-content\/uploads\/2026\/01\/bild-getriebeoelspuelung.jpg\",\"contentUrl\":\"https:\/\/stransky.visible-web.de\/wp-content\/uploads\/2026\/01\/bild-getriebeoelspuelung.jpg\",\"width\":1895,\"height\":1266},{\"@type\":\"BreadcrumbList\",\"@id\":\"https:\/\/stransky.visible-web.de\/?page_id=245#breadcrumb\",\"itemListElement\":[{\"@type\":\"ListItem\",\"position\":1,\"name\":\"Startseite\",\"item\":\"https:\/\/stransky.visible-web.de\/\"},{\"@type\":\"ListItem\",\"position\":2,\"name\":\"Automatikgetriebe\u00f6lsp\u00fclung\"}]},{\"@type\":\"WebSite\",\"@id\":\"https:\/\/stransky.visible-web.de\/#website\",\"url\":\"https:\/\/stransky.visible-web.de\/\",\"name\":\"Stransky Autoservice GmbH\",\"description\":\"\",\"potentialAction\":[{\"@type\":\"SearchAction\",\"target\":{\"@type\":\"EntryPoint\",\"urlTemplate\":\"https:\/\/stransky.visible-web.de\/?s={search_term_string}\"},\"query-input\":{\"@type\":\"PropertyValueSpecification\",\"valueRequired\":true,\"valueName\":\"search_term_string\"}}],\"inLanguage\":\"de\"}]}<\/script>\n<!-- \/ Yoast SEO plugin. -->","yoast_head_json":{"title":"Automatikgetriebe\u00f6lsp\u00fclung - Stransky Autoservice GmbH","robots":{"index":"noindex","follow":"follow","max-snippet":"max-snippet:-1","max-image-preview":"max-image-preview:large","max-video-preview":"max-video-preview:-1"},"og_locale":"de_DE","og_type":"article","og_title":"Automatikgetriebe\u00f6lsp\u00fclung - Stransky Autoservice GmbH","og_description":"Automatikgetriebe\u00f6lservice als einfachen Getriebe\u00f6lwechsel oder Getriebe\u00f6lsp\u00fclung Schaltverz\u00f6gerungen, unsaubere Schaltvorg\u00e4nge, erh\u00f6hter Kraftstoffverbrauch \u2013 sind h\u00e4ufig ein Zeichen f\u00fcr \u00fcberaltertes oder verschmutztes Getriebe\u00f6l. Mit einem Automatikgetriebe\u00f6lwechsel oder einer Automatikgetriebe\u00f6lsp\u00fclung gehen Sie dieses Problem mit uns zusammen an. Sollten Sie noch keine Probleme mit Ihrem Automatikgetriebe haben, empfehlen wir unseren Kunden durch einen regelm\u00e4\u00dfigen Wechsel des Getriebe\u00f6ls dieses [&hellip;]","og_url":"https:\/\/stransky.visible-web.de\/?page_id=245","og_site_name":"Stransky Autoservice GmbH","article_modified_time":"2026-03-02T09:50:50+00:00","og_image":[{"width":1895,"height":1266,"url":"https:\/\/stransky.visible-web.de\/wp-content\/uploads\/2026\/01\/bild-getriebeoelspuelung.jpg","type":"image\/jpeg"}],"twitter_card":"summary_large_image","twitter_misc":{"Gesch\u00e4tzte Lesezeit":"3\u00a0Minuten"},"schema":{"@context":"https:\/\/schema.org","@graph":[{"@type":"WebPage","@id":"https:\/\/stransky.visible-web.de\/?page_id=245","url":"https:\/\/stransky.visible-web.de\/?page_id=245","name":"Automatikgetriebe\u00f6lsp\u00fclung - Stransky Autoservice GmbH","isPartOf":{"@id":"https:\/\/stransky.visible-web.de\/#website"},"primaryImageOfPage":{"@id":"https:\/\/stransky.visible-web.de\/?page_id=245#primaryimage"},"image":{"@id":"https:\/\/stransky.visible-web.de\/?page_id=245#primaryimage"},"thumbnailUrl":"http:\/\/stransky.visible-web.de\/wp-content\/uploads\/2026\/01\/bild-getriebeoelspuelung-1024x684.jpg","datePublished":"2025-10-02T11:58:30+00:00","dateModified":"2026-03-02T09:50:50+00:00","breadcrumb":{"@id":"https:\/\/stransky.visible-web.de\/?page_id=245#breadcrumb"},"inLanguage":"de","potentialAction":[{"@type":"ReadAction","target":["https:\/\/stransky.visible-web.de\/?page_id=245"]}]},{"@type":"ImageObject","inLanguage":"de","@id":"https:\/\/stransky.visible-web.de\/?page_id=245#primaryimage","url":"https:\/\/stransky.visible-web.de\/wp-content\/uploads\/2026\/01\/bild-getriebeoelspuelung.jpg","contentUrl":"https:\/\/stransky.visible-web.de\/wp-content\/uploads\/2026\/01\/bild-getriebeoelspuelung.jpg","width":1895,"height":1266},{"@type":"BreadcrumbList","@id":"https:\/\/stransky.visible-web.de\/?page_id=245#breadcrumb","itemListElement":[{"@type":"ListItem","position":1,"name":"Startseite","item":"https:\/\/stransky.visible-web.de\/"},{"@type":"ListItem","position":2,"name":"Automatikgetriebe\u00f6lsp\u00fclung"}]},{"@type":"WebSite","@id":"https:\/\/stransky.visible-web.de\/#website","url":"https:\/\/stransky.visible-web.de\/","name":"Stransky Autoservice GmbH","description":"","potentialAction":[{"@type":"SearchAction","target":{"@type":"EntryPoint","urlTemplate":"https:\/\/stransky.visible-web.de\/?s={search_term_string}"},"query-input":{"@type":"PropertyValueSpecification","valueRequired":true,"valueName":"search_term_string"}}],"inLanguage":"de"}]}},"_links":{"self":[{"href":"https:\/\/stransky.visible-web.de\/index.php?rest_route=\/wp\/v2\/pages\/245","targetHints":{"allow":["GET"]}}],"collection":[{"href":"https:\/\/stransky.visible-web.de\/index.php?rest_route=\/wp\/v2\/pages"}],"about":[{"href":"https:\/\/stransky.visible-web.de\/index.php?rest_route=\/wp\/v2\/types\/page"}],"author":[{"embeddable":true,"href":"https:\/\/stransky.visible-web.de\/index.php?rest_route=\/wp\/v2\/users\/1"}],"replies":[{"embeddable":true,"href":"https:\/\/stransky.visible-web.de\/index.php?rest_route=%2Fwp%2Fv2%2Fcomments&post=245"}],"version-history":[{"count":24,"href":"https:\/\/stransky.visible-web.de\/index.php?rest_route=\/wp\/v2\/pages\/245\/revisions"}],"predecessor-version":[{"id":596,"href":"https:\/\/stransky.visible-web.de\/index.php?rest_route=\/wp\/v2\/pages\/245\/revisions\/596"}],"wp:attachment":[{"href":"https:\/\/stransky.visible-web.de\/index.php?rest_route=%2Fwp%2Fv2%2Fmedia&parent=245"}],"curies":[{"name":"wp","href":"https:\/\/api.w.org\/{rel}","templated":true}]}}